{"id":408,"date":"2017-05-22T10:46:57","date_gmt":"2017-05-22T08:46:57","guid":{"rendered":"http:\/\/clemensmock.net\/?page_id=408"},"modified":"2023-03-02T19:40:55","modified_gmt":"2023-03-02T18:40:55","slug":"opera-publica-2016","status":"publish","type":"page","link":"https:\/\/clemensmock.net\/en\/opera-publica-2016\/","title":{"rendered":"Opera publica, 2016"},"content":{"rendered":"<p>Group exhibition at the K\u00fcnstlerhaus Vienna<\/p>\n<p>An exhibition by the Offene Gesellschaft f\u00fcr bildende Kunst [Open Society for Fine Art] co-initiated by the Ober\u00f6sterreichischer Kunstverein<br \/>\nProject concept and curator: Margit Nobis (Offene Gesellschaft f\u00fcr bildende Kunst)<br \/>\nProject partner: Clemens Mock (Offene Gesellschaft f\u00fcr bildende Kunst)<\/p>\n<p>Artists:<br \/>\nValentin Aigner, Oswald Auer, G\u00e1bor Bachman, Simon Bauer, Kerstin Bennier, Monique Berger, Ivica Capan, Anna Margit Erber, Christof Gaggl, Bernhard Garnicnig, Mario Grubisic, Harald Gr\u00fcnauerErik Hable, Christina Hartl-Prager, Jeanette Hayes, Judith Huemer, Klara Kohler, Anna K\u00f6nigshofer und Lisa Stuckey, Hannes Langeder and IFEK, Ernst Logar, Marko Markovic, Anna Mitterer and Matthias Buch, Clemens Mock, Peter Moosgaard, Martin Music, Margit Nobis, Daniela Pesendorfer, Alexandra Reill, Fiona Rukschcio, Patrick Schabus, Paul Maria Schneggenburger, Elio Seidl, Herbert Christian St\u00f6ger, Veronika Schubert, Salvatore Viviano, Matthias Zangerl<\/p>\n<figure id=\"attachment_1186\" aria-describedby=\"caption-attachment-1186\" style=\"width: 700px\" class=\"wp-caption aligncenter\"><img loading=\"lazy\" decoding=\"async\" class=\"wp-image-1186 size-full\" src=\"https:\/\/clemensmock.net\/wp-content\/uploads\/2017\/12\/Opera-publica-Margit-Nobis-und-Clemens-Mock-Foto-c-Christof-Gaggl-6-w4se.jpg\" alt=\"\" width=\"700\" height=\"308\" srcset=\"https:\/\/clemensmock.net\/wp-content\/uploads\/2017\/12\/Opera-publica-Margit-Nobis-und-Clemens-Mock-Foto-c-Christof-Gaggl-6-w4se.jpg 700w, https:\/\/clemensmock.net\/wp-content\/uploads\/2017\/12\/Opera-publica-Margit-Nobis-und-Clemens-Mock-Foto-c-Christof-Gaggl-6-w4se-300x132.jpg 300w\" sizes=\"auto, (max-width: 700px) 100vw, 700px\" \/><figcaption id=\"caption-attachment-1186\" class=\"wp-caption-text\">Exhibition view with installation &#8216;2012: Remains of Space&#8217; by Anna Mitterer and Matthias Buch (construction of frames). Background from left: Simon Bauer, &#8216;untitled&#8217;, G\u00e1bor Bachman, &#8216;ZIPPTUBE&#8217;, Paul Maria Schneggenburger, &#8216;Way of Passion&#8217;, Daniela Pesendorfer &#8216;Image #3&#8217; (form the series &#8216;Spiegelbilder&#8217;), Paul Maria Schneggenburger, &#8216;Liebelei&#8217; (from the series &#8216;Audience&#8217;)<\/figcaption><\/figure>\n<figure id=\"attachment_1185\" aria-describedby=\"caption-attachment-1185\" style=\"width: 700px\" class=\"wp-caption aligncenter\"><img loading=\"lazy\" decoding=\"async\" class=\"wp-image-1185 size-full\" src=\"https:\/\/clemensmock.net\/wp-content\/uploads\/2017\/12\/Opera-publica-Margit-Nobis-und-Clemens-Mock-Foto-c-Christof-Gaggl-1-se.jpg\" alt=\"\" width=\"700\" height=\"270\" srcset=\"https:\/\/clemensmock.net\/wp-content\/uploads\/2017\/12\/Opera-publica-Margit-Nobis-und-Clemens-Mock-Foto-c-Christof-Gaggl-1-se.jpg 700w, https:\/\/clemensmock.net\/wp-content\/uploads\/2017\/12\/Opera-publica-Margit-Nobis-und-Clemens-Mock-Foto-c-Christof-Gaggl-1-se-300x116.jpg 300w\" sizes=\"auto, (max-width: 700px) 100vw, 700px\" \/><figcaption id=\"caption-attachment-1185\" class=\"wp-caption-text\">Opening of the exhibition &#8216;Opera publica&#8217; at the K\u00fcnstlerhaus Vienna, March 2016<\/figcaption><\/figure>\n<figure id=\"attachment_1188\" aria-describedby=\"caption-attachment-1188\" style=\"width: 700px\" class=\"wp-caption aligncenter\"><img loading=\"lazy\" decoding=\"async\" class=\"wp-image-1188 size-full\" src=\"https:\/\/clemensmock.net\/wp-content\/uploads\/2017\/12\/Opera-publica-Margit-Nobis-und-Clemens-Mock-Foto-c-Christof-Gaggl-33-w2se.jpg\" alt=\"\" width=\"700\" height=\"300\" srcset=\"https:\/\/clemensmock.net\/wp-content\/uploads\/2017\/12\/Opera-publica-Margit-Nobis-und-Clemens-Mock-Foto-c-Christof-Gaggl-33-w2se.jpg 700w, https:\/\/clemensmock.net\/wp-content\/uploads\/2017\/12\/Opera-publica-Margit-Nobis-und-Clemens-Mock-Foto-c-Christof-Gaggl-33-w2se-300x129.jpg 300w\" sizes=\"auto, (max-width: 700px) 100vw, 700px\" \/><figcaption id=\"caption-attachment-1188\" class=\"wp-caption-text\">Exhibition view room Octagon, from left: Valentin Aigner, &#8216;Fluke&#8217;. Paul Maria Schneggenburger, &#8216;Liebelei&#8217; (background). Bernhard Garnicnig, &#8216;The Museum of Internet at the Palais des Beaux Arts Wien, pizza.jpeg object&#8217;. Harald Gr\u00fcnauer, &#8216;From the series: Mutanten&#8217;. Margit Nobis, &#8216;Sphinx&#8217;. Ernst Logar, &#8216;Europe&#8217;. Herbert Christian St\u00f6ger, &#8216;Prolog 1-3&#8217; (background). Ivica Capan, &#8216;A&#8217;. Ivica Capan, &#8220;Irrungen der zeitgen\u00f6ssischen Kunst&#8217;. Daniela Pesendorfer, &#8216;Venedig&#8217;<\/figcaption><\/figure>\n<figure id=\"attachment_1187\" aria-describedby=\"caption-attachment-1187\" style=\"width: 700px\" class=\"wp-caption aligncenter\"><img loading=\"lazy\" decoding=\"async\" class=\"wp-image-1187 size-full\" src=\"https:\/\/clemensmock.net\/wp-content\/uploads\/2017\/12\/Opera-publica-Margit-Nobis-und-Clemens-Mock-Foto-c-Christof-Gaggl-13-wse.jpg\" alt=\"\" width=\"700\" height=\"330\" srcset=\"https:\/\/clemensmock.net\/wp-content\/uploads\/2017\/12\/Opera-publica-Margit-Nobis-und-Clemens-Mock-Foto-c-Christof-Gaggl-13-wse.jpg 700w, https:\/\/clemensmock.net\/wp-content\/uploads\/2017\/12\/Opera-publica-Margit-Nobis-und-Clemens-Mock-Foto-c-Christof-Gaggl-13-wse-300x141.jpg 300w\" sizes=\"auto, (max-width: 700px) 100vw, 700px\" \/><figcaption id=\"caption-attachment-1187\" class=\"wp-caption-text\">Exhibition view, visible artworks from left: Klara Kohler, &#8216;Augenblick ist Ewigkeit ?&#8217; (video). Veronika Schubert, &#8216;Archiv-Nr. 0526&#8217; (text-installation). Christina Hartl-Prager, &#8216;variables of decision (12 houses and 4 entropic things)&#8217; (projection). Anna Mitterer and Matthias Buch, &#8216;2013: Remains of Space&#8217; (video)<\/figcaption><\/figure>\n<figure id=\"attachment_1184\" aria-describedby=\"caption-attachment-1184\" style=\"width: 700px\" class=\"wp-caption aligncenter\"><img loading=\"lazy\" decoding=\"async\" class=\"wp-image-1184 size-full\" src=\"https:\/\/clemensmock.net\/wp-content\/uploads\/2017\/12\/Opera-publica-Margit-Nobis-und-Clemens-Mock-Foto-c-Joanna-Pianka-7-Dse.jpg\" alt=\"\" width=\"700\" height=\"467\" srcset=\"https:\/\/clemensmock.net\/wp-content\/uploads\/2017\/12\/Opera-publica-Margit-Nobis-und-Clemens-Mock-Foto-c-Joanna-Pianka-7-Dse.jpg 700w, https:\/\/clemensmock.net\/wp-content\/uploads\/2017\/12\/Opera-publica-Margit-Nobis-und-Clemens-Mock-Foto-c-Joanna-Pianka-7-Dse-300x200.jpg 300w\" sizes=\"auto, (max-width: 700px) 100vw, 700px\" \/><figcaption id=\"caption-attachment-1184\" class=\"wp-caption-text\">Exhibition opening. From left: Alexandra Reill [Hg.], &#8216;Umkreisungen. Anrisse zu Relevanzen k\u00fcnstlerischer Arbeit in zeitgen\u00f6ssischen Gesellschaften&#8217;, Salvatore Viviano, &#8216;PAPARAZZI&#8217; (selection), poster Opera publica (K. Matthiesen and M. Nobis)<\/figcaption><\/figure>\n<figure id=\"attachment_1560\" aria-describedby=\"caption-attachment-1560\" style=\"width: 700px\" class=\"wp-caption aligncenter\"><img loading=\"lazy\" decoding=\"async\" class=\"wp-image-1560 size-full\" src=\"https:\/\/clemensmock.net\/wp-content\/uploads\/2018\/04\/weisserbalken-700x10.jpg\" alt=\"\" width=\"700\" height=\"10\" srcset=\"https:\/\/clemensmock.net\/wp-content\/uploads\/2018\/04\/weisserbalken-700x10.jpg 700w, https:\/\/clemensmock.net\/wp-content\/uploads\/2018\/04\/weisserbalken-700x10-300x4.jpg 300w\" sizes=\"auto, (max-width: 700px) 100vw, 700px\" \/><figcaption id=\"caption-attachment-1560\" class=\"wp-caption-text\">Photos \u00a9 Christof Gaggl (1-4), \u00a9 Joanna Pianka (5)<\/figcaption><\/figure>\n<p>&nbsp;<\/p>\n<p>Project credits: An exhibition by the Offene Gesellschaft f\u00fcr bildende Kunst: Margit Nobis (project conception and curator) with Clemens Mock (project partner). Co-initiated by the Ober\u00f6sterreichischer Kunstverein. Exhibition duration: 18th of March \u2013 17th of April 2016. Build-up coordination: Kerstin Bennier, Loans: Elisabeth Lukas, Multimedia compilation and adaption: Andreas Prinz, PR: Patrick Schabus. Graphic design: Kai Damian Matthiesen und Margit Nobis, Invitation lyrics: amoascolto\/Andreas Mohrhagen. Exhibition&#8217;s opening speakers: Lucas Gehrmann, Olivia Kaiser, Christiane Steinlechner-Marschner, Kurt Brazda and Margit Nobis. Opening aria\/performance: Crazy Bitch in a Cave. Photographic installation &#8216;Ghostcam&#8217;: Paul Maria Schneggenburger<\/p>\n<p>Thanks to: the Ober\u00f6sterreichischer Kunstverein, Ingrid Hahn, Christiane Steinlechner-Marschner. The K\u00fcnstlerhaus, Peter Zawrel, Peter Gmachl, Nadine Wille and Team. Andreas Prinz, Elfriede and Wolfram Nobis, Oswald Auer, Ruth Weismann, Alexandra Reill, Joanna Pianka, Gerhard Peischl, Paul Schneggenburger, Christof Gaggl, Nicolai Rigler, Harald Gr\u00fcnauer, Pipina Schickaneder, Rosemarie Povse, David Weber, the whole team and all artists.<\/p>\n<p>Supported by: Bundeskanzleramt \u00d6sterreich, Land Ober\u00f6sterreich, Land Salzburg<\/p>\n<p><img loading=\"lazy\" decoding=\"async\" class=\"wp-image-2117 size-full alignleft\" src=\"https:\/\/clemensmock.net\/wp-content\/uploads\/2023\/03\/Logos-Opera-publica-all4exhibition-s2.jpg\" alt=\"\" width=\"479\" height=\"114\" srcset=\"https:\/\/clemensmock.net\/wp-content\/uploads\/2023\/03\/Logos-Opera-publica-all4exhibition-s2.jpg 479w, https:\/\/clemensmock.net\/wp-content\/uploads\/2023\/03\/Logos-Opera-publica-all4exhibition-s2-300x71.jpg 300w\" sizes=\"auto, (max-width: 479px) 100vw, 479px\" \/><\/p>\n","protected":false},"excerpt":{"rendered":"<p>Group exhibition at the K\u00fcnstlerhaus Vienna An exhibition by the Offene Gesellschaft f\u00fcr bildende Kunst [Open Society for Fine Art] co-initiated by the Ober\u00f6sterreichischer Kunstverein Project concept and curator: Margit Nobis (Offene Gesellschaft f\u00fcr bildende Kunst) Project partner: Clemens Mock (Offene Gesellschaft f\u00fcr bildende Kunst) Artists: Valentin Aigner, Oswald Auer, G\u00e1bor Bachman, Simon Bauer, Kerstin [&hellip;]<\/p>\n","protected":false},"author":1,"featured_media":0,"parent":0,"menu_order":0,"comment_status":"closed","ping_status":"closed","template":"","meta":{"footnotes":""},"class_list":["post-408","page","type-page","status-publish","hentry"],"translation":{"provider":"WPGlobus","version":"3.0.2","language":"en","enabled_languages":["de","en"],"languages":{"de":{"title":true,"content":true,"excerpt":false},"en":{"title":true,"content":true,"excerpt":false}}},"_links":{"self":[{"href":"https:\/\/clemensmock.net\/en\/wp-json\/wp\/v2\/pages\/408","targetHints":{"allow":["GET"]}}],"collection":[{"href":"https:\/\/clemensmock.net\/en\/wp-json\/wp\/v2\/pages"}],"about":[{"href":"https:\/\/clemensmock.net\/en\/wp-json\/wp\/v2\/types\/page"}],"author":[{"embeddable":true,"href":"https:\/\/clemensmock.net\/en\/wp-json\/wp\/v2\/users\/1"}],"replies":[{"embeddable":true,"href":"https:\/\/clemensmock.net\/en\/wp-json\/wp\/v2\/comments?post=408"}],"version-history":[{"count":61,"href":"https:\/\/clemensmock.net\/en\/wp-json\/wp\/v2\/pages\/408\/revisions"}],"predecessor-version":[{"id":2135,"href":"https:\/\/clemensmock.net\/en\/wp-json\/wp\/v2\/pages\/408\/revisions\/2135"}],"wp:attachment":[{"href":"https:\/\/clemensmock.net\/en\/wp-json\/wp\/v2\/media?parent=408"}],"curies":[{"name":"wp","href":"https:\/\/api.w.org\/{rel}","templated":true}]}}