{"id":2207,"date":"2025-03-15T18:35:37","date_gmt":"2025-03-15T17:35:37","guid":{"rendered":"https:\/\/clemensmock.net\/?page_id=2207"},"modified":"2025-03-15T18:49:08","modified_gmt":"2025-03-15T17:49:08","slug":"positionsbestimmung-denken-in-neuen-kartografien-2024","status":"publish","type":"page","link":"https:\/\/clemensmock.net\/en\/positionsbestimmung-denken-in-neuen-kartografien-2024\/","title":{"rendered":"Position Determination \u2013 Rethinking Cartography"},"content":{"rendered":"<p>A project by PANGEA<\/p>\n<p>When does a place become home? Where do we discover this place and how are we able to change it? Is home always something physical or rather a feeling? How can the term be defined? How does this relate to our subjective perception and how do geopolitical circumstances and interpersonal encounters influence our understanding of it?<\/p>\n<p>As part of the project Position Determination \u2013 Rethinking Cartography, we explored the concept of home and our own position in life over the course of several events, without forgetting the cultural and artistic approach of PANGEA. The programme was divided into an analogue section, a theoretical input and a digital-hybrid part. We were interested in the topic not only within physical boundaries, so to speak, but also within the digital world.<\/p>\n<p>The project Position Determination \u2013 Rethinking Cartography was funded by the City of Linz&#8217;s Department of Culture as part of the special funding programme LINZimPULS 2023.<\/p>\n<p>More detailed information on the events and further impressions can be found on the <a href=\"https:\/\/www.pangea.at\/de\/programm\/positionsbestimmung\" target=\"_blank\" rel=\"noopener\">PANGEA<\/a> website.<\/p>\n<p>Project concept: Sanja Bajaki\u0107, Roc\u00edo del R\u00edo Lorenzo, Katharina Traxler, Andreu Vall Portabella<br \/>\nProject management: Clemens Mock<br \/>\nPublic relations: Zina Eberlein, Clemens Mock<br \/>\nLecturer: <a href=\"http:\/\/www.gerhard_dirmoser.public1.linz.at\/\" target=\"_blank\" rel=\"noopener\">Gerhard Dirmoser<\/a><br \/>\nWorkshop instructors: Wolfgang Hauer from <a href=\"https:\/\/urbansketchinglinz.wordpress.com\/beitrage\/\" target=\"_blank\" rel=\"noopener\">urban sketching Linz<\/a>, Reinhold Bidner and Karl Zechenter from <a href=\"https:\/\/www.goldextra.com\/\" target=\"_blank\" rel=\"noopener\">gold extra<\/a><br \/>\nEvent support: Clemens Mock, Roc\u00edo del R\u00edo Lorenzo, Andreu Vall Portabella<br \/>\nIllustration (flyer &amp; poster): Clemens Mock<br \/>\nFotos: PANGEA<\/p>\n<figure id=\"attachment_2196\" aria-describedby=\"caption-attachment-2196\" style=\"width: 700px\" class=\"wp-caption alignnone\"><img loading=\"lazy\" decoding=\"async\" class=\"wp-image-2196 size-full\" src=\"https:\/\/clemensmock.net\/wp-content\/uploads\/2025\/02\/position-01-PANGEA-2024-700x491pix.jpg\" alt=\"\" width=\"700\" height=\"491\" srcset=\"https:\/\/clemensmock.net\/wp-content\/uploads\/2025\/02\/position-01-PANGEA-2024-700x491pix.jpg 700w, https:\/\/clemensmock.net\/wp-content\/uploads\/2025\/02\/position-01-PANGEA-2024-700x491pix-300x210.jpg 300w\" sizes=\"auto, (max-width: 700px) 100vw, 700px\" \/><figcaption id=\"caption-attachment-2196\" class=\"wp-caption-text\">Workshop \u201eConversational Drawing\u201c with urban sketching Linz, 12.10.2024<\/p>\n<p><\/figcaption><\/figure>\n<figure id=\"attachment_2197\" aria-describedby=\"caption-attachment-2197\" style=\"width: 700px\" class=\"wp-caption alignnone\"><img loading=\"lazy\" decoding=\"async\" class=\"wp-image-2197 size-full\" src=\"https:\/\/clemensmock.net\/wp-content\/uploads\/2025\/02\/position-02-Clemens-Mock-2024-700x491pix.jpg\" alt=\"\" width=\"700\" height=\"491\" srcset=\"https:\/\/clemensmock.net\/wp-content\/uploads\/2025\/02\/position-02-Clemens-Mock-2024-700x491pix.jpg 700w, https:\/\/clemensmock.net\/wp-content\/uploads\/2025\/02\/position-02-Clemens-Mock-2024-700x491pix-300x210.jpg 300w\" sizes=\"auto, (max-width: 700px) 100vw, 700px\" \/><figcaption id=\"caption-attachment-2197\" class=\"wp-caption-text\">Lecture \u201eHome, Migration, Cartography and Mapping\u201c with Gerhard Dirmoser, 18.10.2024<\/p>\n<p><\/figcaption><\/figure>\n<figure id=\"attachment_2198\" aria-describedby=\"caption-attachment-2198\" style=\"width: 700px\" class=\"wp-caption alignnone\"><img loading=\"lazy\" decoding=\"async\" class=\"wp-image-2198 size-full\" src=\"https:\/\/clemensmock.net\/wp-content\/uploads\/2025\/02\/position-03-PANGEA-2024-700x491pix.jpg\" alt=\"\" width=\"700\" height=\"491\" srcset=\"https:\/\/clemensmock.net\/wp-content\/uploads\/2025\/02\/position-03-PANGEA-2024-700x491pix.jpg 700w, https:\/\/clemensmock.net\/wp-content\/uploads\/2025\/02\/position-03-PANGEA-2024-700x491pix-300x210.jpg 300w\" sizes=\"auto, (max-width: 700px) 100vw, 700px\" \/><figcaption id=\"caption-attachment-2198\" class=\"wp-caption-text\">Workshop \u201eMy new city &#8211; What can my city look like?\u201c with gold extra, 15.11.2024<\/figcaption><\/figure>\n<figure id=\"attachment_2195\" aria-describedby=\"caption-attachment-2195\" style=\"width: 700px\" class=\"wp-caption alignnone\"><img loading=\"lazy\" decoding=\"async\" class=\"wp-image-2195 size-full\" src=\"https:\/\/clemensmock.net\/wp-content\/uploads\/2025\/02\/Plakat-Positionsbestimmung-Clemens-Mock-2024-700x984pix.jpg\" alt=\"\" width=\"700\" height=\"984\" srcset=\"https:\/\/clemensmock.net\/wp-content\/uploads\/2025\/02\/Plakat-Positionsbestimmung-Clemens-Mock-2024-700x984pix.jpg 700w, https:\/\/clemensmock.net\/wp-content\/uploads\/2025\/02\/Plakat-Positionsbestimmung-Clemens-Mock-2024-700x984pix-213x300.jpg 213w\" sizes=\"auto, (max-width: 700px) 100vw, 700px\" \/><figcaption id=\"caption-attachment-2195\" class=\"wp-caption-text\">Poster of PANGEA\u00b4s project, Illustration and graphic design: Clemens Mock<\/figcaption><\/figure>\n","protected":false},"excerpt":{"rendered":"<p>A project by PANGEA When does a place become home? Where do we discover this place and how are we able to change it? Is home always something physical or rather a feeling? How can the term be defined? How does this relate to our subjective perception and how do geopolitical circumstances and interpersonal encounters [&hellip;]<\/p>\n","protected":false},"author":1,"featured_media":0,"parent":0,"menu_order":0,"comment_status":"closed","ping_status":"closed","template":"","meta":{"footnotes":""},"class_list":["post-2207","page","type-page","status-publish","hentry"],"translation":{"provider":"WPGlobus","version":"3.0.2","language":"en","enabled_languages":["de","en"],"languages":{"de":{"title":true,"content":true,"excerpt":false},"en":{"title":true,"content":true,"excerpt":false}}},"_links":{"self":[{"href":"https:\/\/clemensmock.net\/en\/wp-json\/wp\/v2\/pages\/2207","targetHints":{"allow":["GET"]}}],"collection":[{"href":"https:\/\/clemensmock.net\/en\/wp-json\/wp\/v2\/pages"}],"about":[{"href":"https:\/\/clemensmock.net\/en\/wp-json\/wp\/v2\/types\/page"}],"author":[{"embeddable":true,"href":"https:\/\/clemensmock.net\/en\/wp-json\/wp\/v2\/users\/1"}],"replies":[{"embeddable":true,"href":"https:\/\/clemensmock.net\/en\/wp-json\/wp\/v2\/comments?post=2207"}],"version-history":[{"count":21,"href":"https:\/\/clemensmock.net\/en\/wp-json\/wp\/v2\/pages\/2207\/revisions"}],"predecessor-version":[{"id":2232,"href":"https:\/\/clemensmock.net\/en\/wp-json\/wp\/v2\/pages\/2207\/revisions\/2232"}],"wp:attachment":[{"href":"https:\/\/clemensmock.net\/en\/wp-json\/wp\/v2\/media?parent=2207"}],"curies":[{"name":"wp","href":"https:\/\/api.w.org\/{rel}","templated":true}]}}