{"id":1006,"date":"2017-12-12T13:06:31","date_gmt":"2017-12-12T12:06:31","guid":{"rendered":"http:\/\/clemensmock.net\/?page_id=1006"},"modified":"2020-10-30T21:25:42","modified_gmt":"2020-10-30T20:25:42","slug":"opera-publica-buch-2017","status":"publish","type":"page","link":"https:\/\/clemensmock.net\/en\/opera-publica-buch-2017\/","title":{"rendered":"Opera publica, 2017"},"content":{"rendered":"<p>book<\/p>\n<p>The publication Opera publica is an avantgarde book-project, that combines interdisciplinary works of 40 contemporary artists with texts of several authors: A mixture of experimental cultural science, philosophy and &#8220;art poetique&#8221; give rise to a book-shaped &#8220;Opera publica&#8221; with work-images and exhibition-photos. Margit Nobis and Clemens Mock brought the most diverse formats of art within an enacted work-tableau together. Onlinevideoart, installation, photography, internet- and social media-art, digital objets trouv\u00e9s, psychomachines and digital painting emerge as a &#8220;heterogeneous synthesis of art&#8221;.<\/p>\n<p><img loading=\"lazy\" decoding=\"async\" class=\"alignnone wp-image-1149 size-full\" src=\"https:\/\/clemensmock.net\/wp-content\/uploads\/2017\/12\/Opera-publica-Nobis-Mock-2017.jpg\" alt=\"Cover-Opera-publica-2017\" width=\"700\" height=\"427\" srcset=\"https:\/\/clemensmock.net\/wp-content\/uploads\/2017\/12\/Opera-publica-Nobis-Mock-2017.jpg 700w, https:\/\/clemensmock.net\/wp-content\/uploads\/2017\/12\/Opera-publica-Nobis-Mock-2017-300x183.jpg 300w\" sizes=\"auto, (max-width: 700px) 100vw, 700px\" \/><\/p>\n<p align=\"LEFT\">Editors: Margit Nobis and Clemens Mock, Offene Gesellschaft f\u00fcr bildende Kunst [Open Society for Fine Art]<br \/>\nAn imprint of mosaik, Salzburg<\/p>\n<p align=\"LEFT\">Artists<br \/>\nRobert Adler, Valentin Aigner, Oswald Auer, G\u00e1bor Bachman, Simon Bauer, Kerstin Bennier, Monique Berger, Matthias Buch, Ivica Capan, Anna Margit Erber, Christof Gaggl, Mario Grubisic, Harald Gr\u00fcnauer, Erik Hable, Christina Hartl-Prager, Jeanette Hayes, Judith Huemer, Klara Kohler, Anna K\u00f6nigshofer, Hannes Langeder and IFEK, Ernst Logar, Marko Markovic, Anna Mitterer, Clemens Mock, Martin Music, Margit Nobis, Daniela Pesendorfer, Andreas Prinz, Alexandra Reill, Paul Maria Schneggenburger, Veronika Schubert, Christian Stefaner-Schmid, Herbert Christian St\u00f6ger, Lisa Stuckey, Salvatore Viviano, Patrick Weber alias Crazy Bitch in a Cave, Matthias Zangerl<\/p>\n<p align=\"LEFT\">Authors<br \/>\nHarry Ecke, Lucas Gehrmann, Olivia Kaiser, Martin Lampprecht, Andreas Mohrhagen, Robert Pfaller, Michael Rottmann<\/p>\n<p align=\"LEFT\">Order the German-language publication <a href=\"https:\/\/www.liberladen.org\/product\/opera-publica\/\" target=\"_blank\" rel=\"noopener\">here<\/a>.<\/p>\n<p align=\"LEFT\">The book-project was produced in the context of the <a href=\"http:\/\/clemensmock.net\/en\/opera-publica-2016\/\" target=\"_blank\" rel=\"noopener\">group exhibition Opera publica<\/a> at the K\u00fcnstlerhaus, Vienna. The exhibition was initiated and realised by Margit Nobis and Clemens Mock (Offene Gesellschaft f\u00fcr bildende Kunst), co-initiated by Ober\u00f6sterreichischen Kunstverein and took place in cooperation with 40 artists and the K\u00fcnstlerhaus, Gesellschaft bildender K\u00fcnstlerinnen und K\u00fcnstler \u00d6sterreichs.<\/p>\n<p align=\"LEFT\">The publication Opera publica is supported by Stadt Wien Kultur, Kultur Stadt Salzburg, Bildrecht Gmbh, Antalis und UPM.<\/p>\n<p align=\"LEFT\">\u00a0<a href=\"http:\/\/clemensmock.net\/wp-content\/uploads\/2017\/12\/Logos_Foerderungen_380_3.jpg\"><img loading=\"lazy\" decoding=\"async\" class=\"alignnone size-full wp-image-1000\" src=\"http:\/\/clemensmock.net\/wp-content\/uploads\/2017\/12\/Logos_Foerderungen_380_3.jpg\" alt=\"\" width=\"380\" height=\"30\" srcset=\"https:\/\/clemensmock.net\/wp-content\/uploads\/2017\/12\/Logos_Foerderungen_380_3.jpg 380w, https:\/\/clemensmock.net\/wp-content\/uploads\/2017\/12\/Logos_Foerderungen_380_3-300x24.jpg 300w\" sizes=\"auto, (max-width: 380px) 100vw, 380px\" \/><\/a><\/p>\n","protected":false},"excerpt":{"rendered":"<p>book The publication Opera publica is an avantgarde book-project, that combines interdisciplinary works of 40 contemporary artists with texts of several authors: A mixture of experimental cultural science, philosophy and &#8220;art poetique&#8221; give rise to a book-shaped &#8220;Opera publica&#8221; with work-images and exhibition-photos. Margit Nobis and Clemens Mock brought the most diverse formats of art [&hellip;]<\/p>\n","protected":false},"author":1,"featured_media":0,"parent":0,"menu_order":0,"comment_status":"closed","ping_status":"closed","template":"","meta":{"footnotes":""},"class_list":["post-1006","page","type-page","status-publish","hentry"],"translation":{"provider":"WPGlobus","version":"3.0.2","language":"en","enabled_languages":["de","en"],"languages":{"de":{"title":true,"content":true,"excerpt":false},"en":{"title":true,"content":true,"excerpt":false}}},"_links":{"self":[{"href":"https:\/\/clemensmock.net\/en\/wp-json\/wp\/v2\/pages\/1006","targetHints":{"allow":["GET"]}}],"collection":[{"href":"https:\/\/clemensmock.net\/en\/wp-json\/wp\/v2\/pages"}],"about":[{"href":"https:\/\/clemensmock.net\/en\/wp-json\/wp\/v2\/types\/page"}],"author":[{"embeddable":true,"href":"https:\/\/clemensmock.net\/en\/wp-json\/wp\/v2\/users\/1"}],"replies":[{"embeddable":true,"href":"https:\/\/clemensmock.net\/en\/wp-json\/wp\/v2\/comments?post=1006"}],"version-history":[{"count":47,"href":"https:\/\/clemensmock.net\/en\/wp-json\/wp\/v2\/pages\/1006\/revisions"}],"predecessor-version":[{"id":1868,"href":"https:\/\/clemensmock.net\/en\/wp-json\/wp\/v2\/pages\/1006\/revisions\/1868"}],"wp:attachment":[{"href":"https:\/\/clemensmock.net\/en\/wp-json\/wp\/v2\/media?parent=1006"}],"curies":[{"name":"wp","href":"https:\/\/api.w.org\/{rel}","templated":true}]}}